{"id":82,"date":"2025-01-05T19:47:23","date_gmt":"2025-01-05T19:47:23","guid":{"rendered":"https:\/\/isgmevzuat.tr\/?page_id=82"},"modified":"2025-01-05T19:47:23","modified_gmt":"2025-01-05T19:47:23","slug":"tebligler","status":"publish","type":"page","link":"https:\/\/isgmevzuat.tr\/index.php\/tebligler\/","title":{"rendered":"Tebli\u011fler"},"content":{"rendered":"\n<table id=\"tablepress-5\" class=\"tablepress tablepress-id-5\">\n<thead>\n<tr class=\"row-1\">\n\t<th class=\"column-1\">Tebli\u011f Ad\u0131<\/th><th class=\"column-2\">MBS Link<\/th><th class=\"column-3\">KAYS\u0130S Link<\/th><th class=\"column-4\">Kabul Resmi Gazete (Tarih \/ Say\u0131)<\/th><th class=\"column-5\">De\u011fi\u015fiklik Resmi Gazete (Tarih &#8211; Say\u0131)<\/th>\n<\/tr>\n<\/thead>\n<tbody class=\"row-striping row-hover\">\n<tr class=\"row-2\">\n\t<td class=\"column-1\">K\u0130\u015e\u0130SEL KORUYUCU DONANIMLARLA \u0130LG\u0130L\u0130 ONAYLANMI\u015e KURULU\u015eLARIN G\u00d6REVLEND\u0130R\u0130LMES\u0130NE DA\u0130R TEBL\u0130\u011e<\/td><td class=\"column-2\"><a href=\"https:\/\/www.mevzuat.gov.tr\/mevzuat?MevzuatNo=6000&amp;MevzuatTur=9&amp;MevzuatTertip=5\" target=\"_blank\">MBS Link<\/a><\/td><td class=\"column-3\"><a href=\"https:\/\/kms.kaysis.gov.tr\/Home\/Goster\/35530\" target=\"_blank\">KAYS\u0130S Link<\/a><\/td><td class=\"column-4\">28.12.2004 \/ 25684<\/td><td class=\"column-5\"><\/td>\n<\/tr>\n<tr class=\"row-3\">\n\t<td class=\"column-1\">K\u0130\u015e\u0130SEL KORUYUCU DONANIMLARLA \u0130LG\u0130L\u0130 UYUMLA\u015eTIRILMI\u015e ULUSAL<br \/>\n<br \/>\nSTANDARTLARA DA\u0130R TEBL\u0130\u011eE EK YAPILMASI HAKKINDA TEBL\u0130\u011e<\/td><td class=\"column-2\"><a href=\"https:\/\/www.mevzuat.gov.tr\/mevzuat?MevzuatNo=6056&amp;MevzuatTur=9&amp;MevzuatTertip=5\" target=\"_blank\">MBS Link<\/a><\/td><td class=\"column-3\"><a href=\"https:\/\/kms.kaysis.gov.tr\/Home\/Goster\/35553\" target=\"_blank\">KAYS\u0130S Link<\/a><\/td><td class=\"column-4\">12.01.2005 \/ 25698<\/td><td class=\"column-5\"><\/td>\n<\/tr>\n<tr class=\"row-4\">\n\t<td class=\"column-1\">\u0130\u015e KAZASI VE MESLEK HASTALI\u011eI S\u0130GORTASI BAKIMINDAN \u0130\u015eVEREN\u0130N, \u00dc\u00c7\u00dcNC\u00dc K\u0130\u015e\u0130LER\u0130N VE S\u0130GORTALILARIN SORUMLULU\u011eU \u0130LE PE\u015e\u0130N SERMAYE DE\u011eERLER\u0130N\u0130N HESAPLANMASIYLA \u0130LG\u0130L\u0130 \u0130\u015eLEMLER HAKKINDA TEBL\u0130\u011e<\/td><td class=\"column-2\"><a href=\"https:\/\/www.mevzuat.gov.tr\/mevzuat?MevzuatNo=12491&amp;MevzuatTur=9&amp;MevzuatTertip=5\" target=\"_blank\">MBS Link<\/a><\/td><td class=\"column-3\"><a href=\"https:\/\/kms.kaysis.gov.tr\/Home\/Goster\/38655\" target=\"_blank\">KAYS\u0130S Link<\/a><\/td><td class=\"column-4\">28.09.2008 \/ 27011<\/td><td class=\"column-5\"><\/td>\n<\/tr>\n<tr class=\"row-5\">\n\t<td class=\"column-1\">\u0130\u015e SA\u011eLI\u011eI VE G\u00dcVENL\u0130\u011e\u0130NE \u0130L\u0130\u015eK\u0130N \u0130\u015eYER\u0130 TEHL\u0130KE SINIFLARI TEBL\u0130\u011e\u0130<\/td><td class=\"column-2\"><a href=\"https:\/\/www.mevzuat.gov.tr\/mevzuat?MevzuatNo=16909&amp;MevzuatTur=9&amp;MevzuatTertip=5\" target=\"_blank\">MBS Link<\/a><\/td><td class=\"column-3\"><a href=\"https:\/\/kms.kaysis.gov.tr\/Home\/Goster\/41886\" target=\"_blank\">KAYS\u0130S Link<\/a><\/td><td class=\"column-4\">26.12.2012 \/ 28509<\/td><td class=\"column-5\">21\/5\/2025 &#8211; 32906<\/td>\n<\/tr>\n<tr class=\"row-6\">\n\t<td class=\"column-1\">ASBEST S\u00d6K\u00dcM\u00dc \u0130LE \u0130LG\u0130L\u0130 E\u011e\u0130T\u0130M PROGRAMLARINA \u0130L\u0130\u015eK\u0130N TEBL\u0130\u011e<\/td><td class=\"column-2\"><a href=\"https:\/\/www.mevzuat.gov.tr\/mevzuat?MevzuatNo=18536&amp;MevzuatTur=9&amp;MevzuatTertip=5\" target=\"_blank\">MBS Link<\/a><\/td><td class=\"column-3\"><a href=\"https:\/\/kms.kaysis.gov.tr\/Home\/Goster\/42414\" target=\"_blank\">KAYS\u0130S Link<\/a><\/td><td class=\"column-4\">29.06.2013 \/ 28692<\/td><td class=\"column-5\"><\/td>\n<\/tr>\n<tr class=\"row-7\">\n\t<td class=\"column-1\">\u0130\u015e SA\u011eLI\u011eI VE G\u00dcVENL\u0130\u011e\u0130 \u0130LE \u0130LG\u0130L\u0130 \u00c7ALI\u015eAN TEMS\u0130LC\u0130S\u0130N\u0130N N\u0130TEL\u0130KLER\u0130 VE SE\u00c7\u0130LME USUL VE ESASLARINA \u0130L\u0130\u015eK\u0130N TEBL\u0130\u011e<\/td><td class=\"column-2\"><a href=\"https:\/\/www.mevzuat.gov.tr\/mevzuat?MevzuatNo=18782&amp;MevzuatTur=9&amp;MevzuatTertip=5\" target=\"_blank\">MBS Link<\/a><\/td><td class=\"column-3\"><a href=\"https:\/\/kms.kaysis.gov.tr\/Home\/Goster\/42649\" target=\"_blank\">KAYS\u0130S Link<\/a><\/td><td class=\"column-4\">29.08.2013 \/ 28750<\/td><td class=\"column-5\"><\/td>\n<\/tr>\n<tr class=\"row-8\">\n\t<td class=\"column-1\">AH\u015eAP VE \u00d6N YAPIMLI \u00c7EL\u0130K \u0130LE AL\u00dcM\u0130NYUM ALA\u015eIMLI B\u0130LE\u015eENLERDEN OLU\u015eAN DI\u015e CEPHE \u0130\u015e \u0130SKELELER\u0130NE DA\u0130R TEBL\u0130\u011e<\/td><td class=\"column-2\"><a href=\"https:\/\/www.mevzuat.gov.tr\/mevzuat?MevzuatNo=20055&amp;MevzuatTur=9&amp;MevzuatTertip=5\" target=\"_blank\">MBS Link<\/a><\/td><td class=\"column-3\"><a href=\"https:\/\/kms.kaysis.gov.tr\/Home\/Goster\/43817\" target=\"_blank\">KAYS\u0130S Link<\/a><\/td><td class=\"column-4\">19.09.2014 \/ 29124<\/td><td class=\"column-5\"><\/td>\n<\/tr>\n<tr class=\"row-9\">\n\t<td class=\"column-1\">TOZLA M\u00dcCADELE \u0130LE \u0130LG\u0130L\u0130 UYGULAMALARA \u0130L\u0130\u015eK\u0130N TEBL\u0130\u011e<\/td><td class=\"column-2\"><a href=\"https:\/\/www.mevzuat.gov.tr\/mevzuat?MevzuatNo=20094&amp;MevzuatTur=9&amp;MevzuatTertip=5\" target=\"_blank\">MBS Link<\/a><\/td><td class=\"column-3\"><a href=\"https:\/\/kms.kaysis.gov.tr\/Home\/Goster\/43854\" target=\"_blank\">KAYS\u0130S Link<\/a><\/td><td class=\"column-4\">2.10.2014 \/ 29137<\/td><td class=\"column-5\"><\/td>\n<\/tr>\n<tr class=\"row-10\">\n\t<td class=\"column-1\">K\u0130\u015e\u0130SEL KORUYUCU DONANIMLARLA \u0130LG\u0130L\u0130 UYUMLA\u015eTIRILMI\u015e ULUSAL STANDARTLARA DA\u0130R TEBL\u0130\u011e<\/td><td class=\"column-2\"><a href=\"https:\/\/www.mevzuat.gov.tr\/mevzuat?MevzuatNo=20829&amp;MevzuatTur=9&amp;MevzuatTertip=5\" target=\"_blank\">MBS Link<\/a><\/td><td class=\"column-3\"><a href=\"https:\/\/kms.kaysis.gov.tr\/Home\/Goster\/55241\" target=\"_blank\">KAYS\u0130S Link<\/a><\/td><td class=\"column-4\">11.06.2015 \/ 29383<\/td><td class=\"column-5\"><\/td>\n<\/tr>\n<tr class=\"row-11\">\n\t<td class=\"column-1\">YERALTI MADEN \u0130\u015eYERLER\u0130NDE KURULACAK SI\u011eINMA ODALARI HAKKINDA TEBL\u0130\u011e<\/td><td class=\"column-2\"><a href=\"https:\/\/www.mevzuat.gov.tr\/mevzuat?MevzuatNo=23494&amp;MevzuatTur=9&amp;MevzuatTertip=5\" target=\"_blank\">MBS Link<\/a><\/td><td class=\"column-3\"><a href=\"https:\/\/kms.kaysis.gov.tr\/Home\/Goster\/104977\" target=\"_blank\">KAYS\u0130S Link<\/a><\/td><td class=\"column-4\">08.04.2017 \/ 30032<\/td><td class=\"column-5\"><\/td>\n<\/tr>\n<tr class=\"row-12\">\n\t<td class=\"column-1\">\u0130\u015e EK\u0130PMANLARININ PER\u0130YOD\u0130K KONTROLLER\u0130N\u0130 YAPMAYA YETK\u0130L\u0130 K\u0130\u015e\u0130LER\u0130N KAYIT VE E\u011e\u0130T\u0130MLER\u0130NE \u0130L\u0130\u015eK\u0130N TEBL\u0130\u011e<\/td><td class=\"column-2\"><a href=\"https:\/\/www.mevzuat.gov.tr\/mevzuat?MevzuatNo=23931&amp;MevzuatTur=9&amp;MevzuatTertip=5\" target=\"_blank\">MBS Link<\/a><\/td><td class=\"column-3\"><a href=\"https:\/\/kms.kaysis.gov.tr\/Home\/Goster\/135734\" target=\"_blank\">KAYS\u0130S Link<\/a><\/td><td class=\"column-4\">01.10.2017 \/ 30197<\/td><td class=\"column-5\">24\/9\/2020 &#8211; 31254<\/td>\n<\/tr>\n<tr class=\"row-13\">\n\t<td class=\"column-1\">B\u00dcY\u00dcK END\u00dcSTR\u0130YEL KAZALARLA \u0130LG\u0130L\u0130 HAZIRLANACAK B\u00dcY\u00dcK KAZA \u00d6NLEME POL\u0130T\u0130KA BELGES\u0130 TEBL\u0130\u011e\u0130<\/td><td class=\"column-2\"><a href=\"https:\/\/www.mevzuat.gov.tr\/mevzuat?MevzuatNo=31437&amp;MevzuatTur=9&amp;MevzuatTertip=5\" target=\"_blank\">MBS Link<\/a><\/td><td class=\"column-3\"><a href=\"https:\/\/kms.kaysis.gov.tr\/Home\/Goster\/151040\" target=\"_blank\">KAYS\u0130S Link<\/a><\/td><td class=\"column-4\">19.04.2019 \/ 30750<\/td><td class=\"column-5\"><\/td>\n<\/tr>\n<tr class=\"row-14\">\n\t<td class=\"column-1\">B\u00dcY\u00dcK END\u00dcSTR\u0130YEL KAZALARLA \u0130LG\u0130L\u0130 HAZIRLANACAK G\u00dcVENL\u0130K RAPORU TEBL\u0130\u011e\u0130<\/td><td class=\"column-2\"><a href=\"https:\/\/www.mevzuat.gov.tr\/mevzuat?MevzuatNo=31436&amp;MevzuatTur=9&amp;MevzuatTertip=5\" target=\"_blank\">MBS Link<\/a><\/td><td class=\"column-3\"><a href=\"https:\/\/kms.kaysis.gov.tr\/Home\/Goster\/151041\" target=\"_blank\">KAYS\u0130S Link<\/a><\/td><td class=\"column-4\">19.04.2019 \/ 30750<\/td><td class=\"column-5\"><\/td>\n<\/tr>\n<tr class=\"row-15\">\n\t<td class=\"column-1\">B\u00dcY\u00dcK END\u00dcSTR\u0130YEL KAZALARLA \u0130LG\u0130L\u0130 HAZIRLANACAK B\u00dcY\u00dcK KAZA SENARYO DOK\u00dcMANI TEBL\u0130\u011e\u0130<\/td><td class=\"column-2\"><a href=\"https:\/\/www.mevzuat.gov.tr\/mevzuat?MevzuatNo=34657&amp;MevzuatTur=9&amp;MevzuatTertip=5\" target=\"_blank\">MBS Link<\/a><\/td><td class=\"column-3\"><a href=\"https:\/\/kms.kaysis.gov.tr\/Home\/Goster\/163380\" target=\"_blank\">KAYS\u0130S Link<\/a><\/td><td class=\"column-4\">30.06.2020 \/ 31171<\/td><td class=\"column-5\"><\/td>\n<\/tr>\n<tr class=\"row-16\">\n\t<td class=\"column-1\">B\u00dcY\u00dcK END\u00dcSTR\u0130YEL KAZALARDA UYGULANACAK D\u00c2H\u0130L\u0130 AC\u0130L DURUM PLANLARI HAKKINDA TEBL\u0130\u011e<\/td><td class=\"column-2\"><a href=\"https:\/\/www.mevzuat.gov.tr\/mevzuat?MevzuatNo=34773&amp;MevzuatTur=9&amp;MevzuatTertip=5\" target=\"_blank\">MBS Link<\/a><\/td><td class=\"column-3\"><a href=\"https:\/\/kms.kaysis.gov.tr\/Home\/Goster\/166976\" target=\"_blank\">KAYS\u0130S Link<\/a><\/td><td class=\"column-4\">15.08.2020 \/ 31214<\/td><td class=\"column-5\"><\/td>\n<\/tr>\n<tr class=\"row-17\">\n\t<td class=\"column-1\">\u0130\u015e SA\u011eLI\u011eI VE G\u00dcVENL\u0130\u011e\u0130N\u0130 ETK\u0130LEYEN BAZI MADDELER\u0130N \u0130THAL\u0130NE \u0130L\u0130\u015eK\u0130N TEBL\u0130\u011e (\u0130THALAT: 2025\/13)<\/td><td class=\"column-2\"><a href=\"https:\/\/www.mevzuat.gov.tr\/mevzuat?MevzuatNo=41184&amp;MevzuatTur=9&amp;MevzuatTertip=5\" target=\"_blank\">MBS Link<\/a><\/td><td class=\"column-3\"><a href=\"https:\/\/kms.kaysis.gov.tr\/Home\/Goster\/204835\" target=\"_blank\">KAYS\u0130S Link<\/a><\/td><td class=\"column-4\">31.12.2024 \/ 32769 3.M\u00fckerrer<\/td><td class=\"column-5\"><\/td>\n<\/tr>\n<\/tbody>\n<\/table>\n<!-- #tablepress-5 from cache -->","protected":false},"excerpt":{"rendered":"","protected":false},"author":1,"featured_media":0,"parent":0,"menu_order":0,"comment_status":"closed","ping_status":"closed","template":"","meta":{"footnotes":""},"class_list":["post-82","page","type-page","status-publish","hentry"],"yoast_head":"<!-- This site is optimized with the Yoast SEO plugin v27.4 - https:\/\/yoast.com\/product\/yoast-seo-wordpress\/ -->\n<title>Tebli\u011fler - \u0130SG Mevzuat Kayna\u011f\u0131 - isgmevzuat.tr<\/title>\n<meta name=\"robots\" content=\"index, follow, max-snippet:-1, max-image-preview:large, max-video-preview:-1\" \/>\n<link rel=\"canonical\" href=\"https:\/\/isgmevzuat.tr\/index.php\/tebligler\/\" \/>\n<meta property=\"og:locale\" content=\"tr_TR\" \/>\n<meta property=\"og:type\" content=\"article\" \/>\n<meta property=\"og:title\" content=\"Tebli\u011fler - \u0130SG Mevzuat Kayna\u011f\u0131 - isgmevzuat.tr\" \/>\n<meta property=\"og:url\" content=\"https:\/\/isgmevzuat.tr\/index.php\/tebligler\/\" \/>\n<meta property=\"og:site_name\" content=\"\u0130SG Mevzuat Kayna\u011f\u0131 - isgmevzuat.tr\" \/>\n<meta name=\"twitter:card\" content=\"summary_large_image\" \/>\n<script type=\"application\/ld+json\" class=\"yoast-schema-graph\">{\"@context\":\"https:\\\/\\\/schema.org\",\"@graph\":[{\"@type\":\"WebPage\",\"@id\":\"https:\\\/\\\/isgmevzuat.tr\\\/index.php\\\/tebligler\\\/\",\"url\":\"https:\\\/\\\/isgmevzuat.tr\\\/index.php\\\/tebligler\\\/\",\"name\":\"Tebli\u011fler - \u0130SG Mevzuat Kayna\u011f\u0131 - isgmevzuat.tr\",\"isPartOf\":{\"@id\":\"https:\\\/\\\/isgmevzuat.tr\\\/#website\"},\"datePublished\":\"2025-01-05T19:47:23+00:00\",\"breadcrumb\":{\"@id\":\"https:\\\/\\\/isgmevzuat.tr\\\/index.php\\\/tebligler\\\/#breadcrumb\"},\"inLanguage\":\"tr\",\"potentialAction\":[{\"@type\":\"ReadAction\",\"target\":[\"https:\\\/\\\/isgmevzuat.tr\\\/index.php\\\/tebligler\\\/\"]}]},{\"@type\":\"BreadcrumbList\",\"@id\":\"https:\\\/\\\/isgmevzuat.tr\\\/index.php\\\/tebligler\\\/#breadcrumb\",\"itemListElement\":[{\"@type\":\"ListItem\",\"position\":1,\"name\":\"Anasayfa\",\"item\":\"https:\\\/\\\/isgmevzuat.tr\\\/\"},{\"@type\":\"ListItem\",\"position\":2,\"name\":\"Tebli\u011fler\"}]},{\"@type\":\"WebSite\",\"@id\":\"https:\\\/\\\/isgmevzuat.tr\\\/#website\",\"url\":\"https:\\\/\\\/isgmevzuat.tr\\\/\",\"name\":\"isgmevzuat.tr\",\"description\":\"\u00dccretsiz isg mevzuat listeleri, ayr\u0131nt\u0131l\u0131 arama yaparak i\u015fletmenizin i\u015f sa\u011fl\u0131\u011f\u0131 ve g\u00fcvenli\u011fine uyumunu sa\u011flay\u0131n\",\"publisher\":{\"@id\":\"https:\\\/\\\/isgmevzuat.tr\\\/#organization\"},\"potentialAction\":[{\"@type\":\"SearchAction\",\"target\":{\"@type\":\"EntryPoint\",\"urlTemplate\":\"https:\\\/\\\/isgmevzuat.tr\\\/?s={search_term_string}\"},\"query-input\":{\"@type\":\"PropertyValueSpecification\",\"valueRequired\":true,\"valueName\":\"search_term_string\"}}],\"inLanguage\":\"tr\"},{\"@type\":\"Organization\",\"@id\":\"https:\\\/\\\/isgmevzuat.tr\\\/#organization\",\"name\":\"isgmevzuat.tr\",\"url\":\"https:\\\/\\\/isgmevzuat.tr\\\/\",\"logo\":{\"@type\":\"ImageObject\",\"inLanguage\":\"tr\",\"@id\":\"https:\\\/\\\/isgmevzuat.tr\\\/#\\\/schema\\\/logo\\\/image\\\/\",\"url\":\"https:\\\/\\\/isgmevzuat.tr\\\/wp-content\\\/uploads\\\/2025\\\/01\\\/im.png\",\"contentUrl\":\"https:\\\/\\\/isgmevzuat.tr\\\/wp-content\\\/uploads\\\/2025\\\/01\\\/im.png\",\"width\":500,\"height\":500,\"caption\":\"isgmevzuat.tr\"},\"image\":{\"@id\":\"https:\\\/\\\/isgmevzuat.tr\\\/#\\\/schema\\\/logo\\\/image\\\/\"}}]}<\/script>\n<!-- \/ Yoast SEO plugin. -->","yoast_head_json":{"title":"Tebli\u011fler - \u0130SG Mevzuat Kayna\u011f\u0131 - isgmevzuat.tr","robots":{"index":"index","follow":"follow","max-snippet":"max-snippet:-1","max-image-preview":"max-image-preview:large","max-video-preview":"max-video-preview:-1"},"canonical":"https:\/\/isgmevzuat.tr\/index.php\/tebligler\/","og_locale":"tr_TR","og_type":"article","og_title":"Tebli\u011fler - \u0130SG Mevzuat Kayna\u011f\u0131 - isgmevzuat.tr","og_url":"https:\/\/isgmevzuat.tr\/index.php\/tebligler\/","og_site_name":"\u0130SG Mevzuat Kayna\u011f\u0131 - isgmevzuat.tr","twitter_card":"summary_large_image","schema":{"@context":"https:\/\/schema.org","@graph":[{"@type":"WebPage","@id":"https:\/\/isgmevzuat.tr\/index.php\/tebligler\/","url":"https:\/\/isgmevzuat.tr\/index.php\/tebligler\/","name":"Tebli\u011fler - \u0130SG Mevzuat Kayna\u011f\u0131 - isgmevzuat.tr","isPartOf":{"@id":"https:\/\/isgmevzuat.tr\/#website"},"datePublished":"2025-01-05T19:47:23+00:00","breadcrumb":{"@id":"https:\/\/isgmevzuat.tr\/index.php\/tebligler\/#breadcrumb"},"inLanguage":"tr","potentialAction":[{"@type":"ReadAction","target":["https:\/\/isgmevzuat.tr\/index.php\/tebligler\/"]}]},{"@type":"BreadcrumbList","@id":"https:\/\/isgmevzuat.tr\/index.php\/tebligler\/#breadcrumb","itemListElement":[{"@type":"ListItem","position":1,"name":"Anasayfa","item":"https:\/\/isgmevzuat.tr\/"},{"@type":"ListItem","position":2,"name":"Tebli\u011fler"}]},{"@type":"WebSite","@id":"https:\/\/isgmevzuat.tr\/#website","url":"https:\/\/isgmevzuat.tr\/","name":"isgmevzuat.tr","description":"\u00dccretsiz isg mevzuat listeleri, ayr\u0131nt\u0131l\u0131 arama yaparak i\u015fletmenizin i\u015f sa\u011fl\u0131\u011f\u0131 ve g\u00fcvenli\u011fine uyumunu sa\u011flay\u0131n","publisher":{"@id":"https:\/\/isgmevzuat.tr\/#organization"},"potentialAction":[{"@type":"SearchAction","target":{"@type":"EntryPoint","urlTemplate":"https:\/\/isgmevzuat.tr\/?s={search_term_string}"},"query-input":{"@type":"PropertyValueSpecification","valueRequired":true,"valueName":"search_term_string"}}],"inLanguage":"tr"},{"@type":"Organization","@id":"https:\/\/isgmevzuat.tr\/#organization","name":"isgmevzuat.tr","url":"https:\/\/isgmevzuat.tr\/","logo":{"@type":"ImageObject","inLanguage":"tr","@id":"https:\/\/isgmevzuat.tr\/#\/schema\/logo\/image\/","url":"https:\/\/isgmevzuat.tr\/wp-content\/uploads\/2025\/01\/im.png","contentUrl":"https:\/\/isgmevzuat.tr\/wp-content\/uploads\/2025\/01\/im.png","width":500,"height":500,"caption":"isgmevzuat.tr"},"image":{"@id":"https:\/\/isgmevzuat.tr\/#\/schema\/logo\/image\/"}}]}},"_links":{"self":[{"href":"https:\/\/isgmevzuat.tr\/index.php\/wp-json\/wp\/v2\/pages\/82","targetHints":{"allow":["GET"]}}],"collection":[{"href":"https:\/\/isgmevzuat.tr\/index.php\/wp-json\/wp\/v2\/pages"}],"about":[{"href":"https:\/\/isgmevzuat.tr\/index.php\/wp-json\/wp\/v2\/types\/page"}],"author":[{"embeddable":true,"href":"https:\/\/isgmevzuat.tr\/index.php\/wp-json\/wp\/v2\/users\/1"}],"replies":[{"embeddable":true,"href":"https:\/\/isgmevzuat.tr\/index.php\/wp-json\/wp\/v2\/comments?post=82"}],"version-history":[{"count":1,"href":"https:\/\/isgmevzuat.tr\/index.php\/wp-json\/wp\/v2\/pages\/82\/revisions"}],"predecessor-version":[{"id":83,"href":"https:\/\/isgmevzuat.tr\/index.php\/wp-json\/wp\/v2\/pages\/82\/revisions\/83"}],"wp:attachment":[{"href":"https:\/\/isgmevzuat.tr\/index.php\/wp-json\/wp\/v2\/media?parent=82"}],"curies":[{"name":"wp","href":"https:\/\/api.w.org\/{rel}","templated":true}]}}