{"id":2,"date":"2024-12-22T18:56:23","date_gmt":"2024-12-22T18:56:23","guid":{"rendered":"https:\/\/isgmevzuat.tr\/?page_id=2"},"modified":"2025-03-10T19:43:31","modified_gmt":"2025-03-10T19:43:31","slug":"sample-page","status":"publish","type":"page","link":"https:\/\/isgmevzuat.tr\/","title":{"rendered":""},"content":{"rendered":"\n<div class=\"wp-block-columns is-layout-flex wp-container-core-columns-is-layout-9d6595d7 wp-block-columns-is-layout-flex\">\n<div class=\"wp-block-column is-layout-flow wp-block-column-is-layout-flow\">\n<h2 class=\"wp-block-heading\">Mevzuat<\/h2>\n\n\n\n<ul class=\"wp-block-list\">\n<li><a href=\"https:\/\/isgmevzuat.tr\/index.php\/sozlesmeler\/\">ILO S\u00f6zle\u015fmeleri<\/a><\/li>\n\n\n\n<li><a href=\"https:\/\/isgmevzuat.tr\/index.php\/kanunlar\/\">Kanunlar<\/a><\/li>\n\n\n\n<li><a href=\"https:\/\/isgmevzuat.tr\/index.php\/yonetmelikler\/\">Y\u00f6netmelikler<\/a><\/li>\n\n\n\n<li><a href=\"https:\/\/isgmevzuat.tr\/index.php\/tebligler\/\">Tebli\u011fler<\/a><\/li>\n<\/ul>\n<\/div>\n\n\n\n<div class=\"wp-block-column is-layout-flow wp-block-column-is-layout-flow\">\n<h2 class=\"wp-block-heading\">Ba\u011flant\u0131lar<\/h2>\n\n\n\n<ul class=\"wp-block-list\">\n<li><a href=\"https:\/\/www.resmigazete.gov.tr\/\" target=\"_blank\" rel=\"noreferrer noopener\">Resmi Gazete<\/a><\/li>\n\n\n\n<li><a href=\"https:\/\/isgkatip.csgb.gov.tr\/\" target=\"_blank\" rel=\"noreferrer noopener\">\u0130SG-KAT\u0130P<\/a><\/li>\n\n\n\n<li><a href=\"https:\/\/casgem.gov.tr\/hizmetler\/yayinlar\/\" target=\"_blank\" rel=\"noreferrer noopener\">\u00c7ASGEM Yay\u0131nlar<\/a><\/li>\n\n\n\n<li><a href=\"https:\/\/www.csgb.gov.tr\/isggm\/hizmetlerimiz\/yayinlar\/\" target=\"_blank\" rel=\"noreferrer noopener\">\u0130SGGM Yay\u0131nlar<\/a><\/li>\n\n\n\n<li><a href=\"https:\/\/guvenliinsaat.csgb.gov.tr\/\" target=\"_blank\" rel=\"noreferrer noopener\">G\u00fcvenli \u0130n\u015faat<\/a><\/li>\n\n\n\n<li><a href=\"https:\/\/isekipmanlari.csgb.gov.tr\/\" target=\"_blank\" rel=\"noreferrer noopener\">\u0130SG\u00dcM \u0130\u015f Ekipmanlar\u0131<\/a><\/li>\n\n\n\n<li><a href=\"https:\/\/www.ilo.org\/tr\/turkiye\" target=\"_blank\" rel=\"noreferrer noopener\">ILO T\u00fcrkiye<\/a><\/li>\n\n\n\n<li><a href=\"https:\/\/www.ab.gov.tr\/ilerleme-raporlari_46224.html\" target=\"_blank\" rel=\"noreferrer noopener\">Avrupa Komisyon Kararlar\u0131<\/a><\/li>\n\n\n\n<li><a href=\"http:\/\/isg365.tr\" target=\"_blank\" rel=\"noreferrer noopener\">isg365.tr<\/a><\/li>\n\n\n\n<li><a href=\"https:\/\/www.poshmagazine.org\/\" target=\"_blank\" rel=\"noreferrer noopener\">POSH Magazine<\/a><\/li>\n<\/ul>\n<\/div>\n\n\n\n<div class=\"wp-block-column is-layout-flow wp-block-column-is-layout-flow\"><\/div>\n<\/div>\n\n\n\n<p><\/p>\n","protected":false},"excerpt":{"rendered":"<p>Mevzuat Ba\u011flant\u0131lar<\/p>\n","protected":false},"author":1,"featured_media":0,"parent":0,"menu_order":0,"comment_status":"closed","ping_status":"open","template":"","meta":{"footnotes":""},"class_list":["post-2","page","type-page","status-publish","hentry"],"yoast_head":"<!-- This site is optimized with the Yoast SEO plugin v27.4 - https:\/\/yoast.com\/product\/yoast-seo-wordpress\/ -->\n<title>- \u0130SG Mevzuat Kayna\u011f\u0131 - isgmevzuat.tr<\/title>\n<meta name=\"description\" content=\"\u00dccretsiz isg mevzuat listeleri, ayr\u0131nt\u0131l\u0131 arama yaparak i\u015fletmenizin i\u015f sa\u011fl\u0131\u011f\u0131 ve g\u00fcvenli\u011fine uyumunu sa\u011flay\u0131n \u0130SG Mevzuat Kayna\u011f\u0131 - isgmevzuat.tr\" \/>\n<meta name=\"robots\" content=\"index, follow, max-snippet:-1, max-image-preview:large, max-video-preview:-1\" \/>\n<link rel=\"canonical\" href=\"https:\/\/isgmevzuat.tr\/\" \/>\n<meta property=\"og:locale\" content=\"tr_TR\" \/>\n<meta property=\"og:type\" content=\"article\" \/>\n<meta property=\"og:title\" content=\"- \u0130SG Mevzuat Kayna\u011f\u0131 - isgmevzuat.tr\" \/>\n<meta property=\"og:description\" content=\"\u00dccretsiz isg mevzuat listeleri, ayr\u0131nt\u0131l\u0131 arama yaparak i\u015fletmenizin i\u015f sa\u011fl\u0131\u011f\u0131 ve g\u00fcvenli\u011fine uyumunu sa\u011flay\u0131n \u0130SG Mevzuat Kayna\u011f\u0131 - isgmevzuat.tr\" \/>\n<meta property=\"og:url\" content=\"https:\/\/isgmevzuat.tr\/\" \/>\n<meta property=\"og:site_name\" content=\"\u0130SG Mevzuat Kayna\u011f\u0131 - isgmevzuat.tr\" \/>\n<meta property=\"article:modified_time\" content=\"2025-03-10T19:43:31+00:00\" \/>\n<meta name=\"twitter:card\" content=\"summary_large_image\" \/>\n<meta name=\"twitter:label1\" content=\"Tahmini okuma s\u00fcresi\" \/>\n\t<meta name=\"twitter:data1\" content=\"1 dakika\" \/>\n<script type=\"application\/ld+json\" class=\"yoast-schema-graph\">{\"@context\":\"https:\\\/\\\/schema.org\",\"@graph\":[{\"@type\":\"WebPage\",\"@id\":\"https:\\\/\\\/isgmevzuat.tr\\\/\",\"url\":\"https:\\\/\\\/isgmevzuat.tr\\\/\",\"name\":\"- \u0130SG Mevzuat Kayna\u011f\u0131 - isgmevzuat.tr\",\"isPartOf\":{\"@id\":\"https:\\\/\\\/isgmevzuat.tr\\\/#website\"},\"datePublished\":\"2024-12-22T18:56:23+00:00\",\"dateModified\":\"2025-03-10T19:43:31+00:00\",\"description\":\"\u00dccretsiz isg mevzuat listeleri, ayr\u0131nt\u0131l\u0131 arama yaparak i\u015fletmenizin i\u015f sa\u011fl\u0131\u011f\u0131 ve g\u00fcvenli\u011fine uyumunu sa\u011flay\u0131n \u0130SG Mevzuat Kayna\u011f\u0131 - isgmevzuat.tr\",\"inLanguage\":\"tr\",\"potentialAction\":[{\"@type\":\"ReadAction\",\"target\":[\"https:\\\/\\\/isgmevzuat.tr\\\/\"]}]},{\"@type\":\"WebSite\",\"@id\":\"https:\\\/\\\/isgmevzuat.tr\\\/#website\",\"url\":\"https:\\\/\\\/isgmevzuat.tr\\\/\",\"name\":\"isgmevzuat.tr\",\"description\":\"\u00dccretsiz isg mevzuat listeleri, ayr\u0131nt\u0131l\u0131 arama yaparak i\u015fletmenizin i\u015f sa\u011fl\u0131\u011f\u0131 ve g\u00fcvenli\u011fine uyumunu sa\u011flay\u0131n\",\"publisher\":{\"@id\":\"https:\\\/\\\/isgmevzuat.tr\\\/#organization\"},\"potentialAction\":[{\"@type\":\"SearchAction\",\"target\":{\"@type\":\"EntryPoint\",\"urlTemplate\":\"https:\\\/\\\/isgmevzuat.tr\\\/?s={search_term_string}\"},\"query-input\":{\"@type\":\"PropertyValueSpecification\",\"valueRequired\":true,\"valueName\":\"search_term_string\"}}],\"inLanguage\":\"tr\"},{\"@type\":\"Organization\",\"@id\":\"https:\\\/\\\/isgmevzuat.tr\\\/#organization\",\"name\":\"isgmevzuat.tr\",\"url\":\"https:\\\/\\\/isgmevzuat.tr\\\/\",\"logo\":{\"@type\":\"ImageObject\",\"inLanguage\":\"tr\",\"@id\":\"https:\\\/\\\/isgmevzuat.tr\\\/#\\\/schema\\\/logo\\\/image\\\/\",\"url\":\"https:\\\/\\\/isgmevzuat.tr\\\/wp-content\\\/uploads\\\/2025\\\/01\\\/im.png\",\"contentUrl\":\"https:\\\/\\\/isgmevzuat.tr\\\/wp-content\\\/uploads\\\/2025\\\/01\\\/im.png\",\"width\":500,\"height\":500,\"caption\":\"isgmevzuat.tr\"},\"image\":{\"@id\":\"https:\\\/\\\/isgmevzuat.tr\\\/#\\\/schema\\\/logo\\\/image\\\/\"}}]}<\/script>\n<!-- \/ Yoast SEO plugin. -->","yoast_head_json":{"title":"- \u0130SG Mevzuat Kayna\u011f\u0131 - isgmevzuat.tr","description":"\u00dccretsiz isg mevzuat listeleri, ayr\u0131nt\u0131l\u0131 arama yaparak i\u015fletmenizin i\u015f sa\u011fl\u0131\u011f\u0131 ve g\u00fcvenli\u011fine uyumunu sa\u011flay\u0131n \u0130SG Mevzuat Kayna\u011f\u0131 - isgmevzuat.tr","robots":{"index":"index","follow":"follow","max-snippet":"max-snippet:-1","max-image-preview":"max-image-preview:large","max-video-preview":"max-video-preview:-1"},"canonical":"https:\/\/isgmevzuat.tr\/","og_locale":"tr_TR","og_type":"article","og_title":"- \u0130SG Mevzuat Kayna\u011f\u0131 - isgmevzuat.tr","og_description":"\u00dccretsiz isg mevzuat listeleri, ayr\u0131nt\u0131l\u0131 arama yaparak i\u015fletmenizin i\u015f sa\u011fl\u0131\u011f\u0131 ve g\u00fcvenli\u011fine uyumunu sa\u011flay\u0131n \u0130SG Mevzuat Kayna\u011f\u0131 - isgmevzuat.tr","og_url":"https:\/\/isgmevzuat.tr\/","og_site_name":"\u0130SG Mevzuat Kayna\u011f\u0131 - isgmevzuat.tr","article_modified_time":"2025-03-10T19:43:31+00:00","twitter_card":"summary_large_image","twitter_misc":{"Tahmini okuma s\u00fcresi":"1 dakika"},"schema":{"@context":"https:\/\/schema.org","@graph":[{"@type":"WebPage","@id":"https:\/\/isgmevzuat.tr\/","url":"https:\/\/isgmevzuat.tr\/","name":"- \u0130SG Mevzuat Kayna\u011f\u0131 - isgmevzuat.tr","isPartOf":{"@id":"https:\/\/isgmevzuat.tr\/#website"},"datePublished":"2024-12-22T18:56:23+00:00","dateModified":"2025-03-10T19:43:31+00:00","description":"\u00dccretsiz isg mevzuat listeleri, ayr\u0131nt\u0131l\u0131 arama yaparak i\u015fletmenizin i\u015f sa\u011fl\u0131\u011f\u0131 ve g\u00fcvenli\u011fine uyumunu sa\u011flay\u0131n \u0130SG Mevzuat Kayna\u011f\u0131 - isgmevzuat.tr","inLanguage":"tr","potentialAction":[{"@type":"ReadAction","target":["https:\/\/isgmevzuat.tr\/"]}]},{"@type":"WebSite","@id":"https:\/\/isgmevzuat.tr\/#website","url":"https:\/\/isgmevzuat.tr\/","name":"isgmevzuat.tr","description":"\u00dccretsiz isg mevzuat listeleri, ayr\u0131nt\u0131l\u0131 arama yaparak i\u015fletmenizin i\u015f sa\u011fl\u0131\u011f\u0131 ve g\u00fcvenli\u011fine uyumunu sa\u011flay\u0131n","publisher":{"@id":"https:\/\/isgmevzuat.tr\/#organization"},"potentialAction":[{"@type":"SearchAction","target":{"@type":"EntryPoint","urlTemplate":"https:\/\/isgmevzuat.tr\/?s={search_term_string}"},"query-input":{"@type":"PropertyValueSpecification","valueRequired":true,"valueName":"search_term_string"}}],"inLanguage":"tr"},{"@type":"Organization","@id":"https:\/\/isgmevzuat.tr\/#organization","name":"isgmevzuat.tr","url":"https:\/\/isgmevzuat.tr\/","logo":{"@type":"ImageObject","inLanguage":"tr","@id":"https:\/\/isgmevzuat.tr\/#\/schema\/logo\/image\/","url":"https:\/\/isgmevzuat.tr\/wp-content\/uploads\/2025\/01\/im.png","contentUrl":"https:\/\/isgmevzuat.tr\/wp-content\/uploads\/2025\/01\/im.png","width":500,"height":500,"caption":"isgmevzuat.tr"},"image":{"@id":"https:\/\/isgmevzuat.tr\/#\/schema\/logo\/image\/"}}]}},"_links":{"self":[{"href":"https:\/\/isgmevzuat.tr\/index.php\/wp-json\/wp\/v2\/pages\/2","targetHints":{"allow":["GET"]}}],"collection":[{"href":"https:\/\/isgmevzuat.tr\/index.php\/wp-json\/wp\/v2\/pages"}],"about":[{"href":"https:\/\/isgmevzuat.tr\/index.php\/wp-json\/wp\/v2\/types\/page"}],"author":[{"embeddable":true,"href":"https:\/\/isgmevzuat.tr\/index.php\/wp-json\/wp\/v2\/users\/1"}],"replies":[{"embeddable":true,"href":"https:\/\/isgmevzuat.tr\/index.php\/wp-json\/wp\/v2\/comments?post=2"}],"version-history":[{"count":20,"href":"https:\/\/isgmevzuat.tr\/index.php\/wp-json\/wp\/v2\/pages\/2\/revisions"}],"predecessor-version":[{"id":127,"href":"https:\/\/isgmevzuat.tr\/index.php\/wp-json\/wp\/v2\/pages\/2\/revisions\/127"}],"wp:attachment":[{"href":"https:\/\/isgmevzuat.tr\/index.php\/wp-json\/wp\/v2\/media?parent=2"}],"curies":[{"name":"wp","href":"https:\/\/api.w.org\/{rel}","templated":true}]}}